{"id":101,"date":"2015-12-08T17:51:59","date_gmt":"2015-12-08T16:51:59","guid":{"rendered":"https:\/\/cafoc-formations.forpro-creteil.org\/?page_id=101"},"modified":"2019-04-11T08:41:24","modified_gmt":"2019-04-11T07:41:24","slug":"vademecum","status":"publish","type":"page","link":"https:\/\/cafoc-formations.forpro-creteil.org\/?page_id=101","title":{"rendered":"Vademecum &#8211; formation des personnels du r\u00e9seau acad\u00e9mique de formation continue de Cr\u00e9teil"},"content":{"rendered":"","protected":true},"excerpt":{"rendered":"","protected":true},"author":2,"featured_media":0,"parent":0,"menu_order":0,"comment_status":"closed","ping_status":"closed","template":"templates\/template-onecolumn.php","meta":{"footnotes":""},"class_list":["post-101","page","type-page","status-publish","post-password-required","hentry"],"_links":{"self":[{"href":"https:\/\/cafoc-formations.forpro-creteil.org\/index.php?rest_route=\/wp\/v2\/pages\/101","targetHints":{"allow":["GET"]}}],"collection":[{"href":"https:\/\/cafoc-formations.forpro-creteil.org\/index.php?rest_route=\/wp\/v2\/pages"}],"about":[{"href":"https:\/\/cafoc-formations.forpro-creteil.org\/index.php?rest_route=\/wp\/v2\/types\/page"}],"author":[{"embeddable":true,"href":"https:\/\/cafoc-formations.forpro-creteil.org\/index.php?rest_route=\/wp\/v2\/users\/2"}],"replies":[{"embeddable":true,"href":"https:\/\/cafoc-formations.forpro-creteil.org\/index.php?rest_route=%2Fwp%2Fv2%2Fcomments&post=101"}],"version-history":[{"count":302,"href":"https:\/\/cafoc-formations.forpro-creteil.org\/index.php?rest_route=\/wp\/v2\/pages\/101\/revisions"}],"predecessor-version":[{"id":1706,"href":"https:\/\/cafoc-formations.forpro-creteil.org\/index.php?rest_route=\/wp\/v2\/pages\/101\/revisions\/1706"}],"wp:attachment":[{"href":"https:\/\/cafoc-formations.forpro-creteil.org\/index.php?rest_route=%2Fwp%2Fv2%2Fmedia&parent=101"}],"curies":[{"name":"wp","href":"https:\/\/api.w.org\/{rel}","templated":true}]}}